{"id":1187,"date":"2024-06-04T14:23:11","date_gmt":"2024-06-04T14:23:11","guid":{"rendered":"https:\/\/www.getthaagency.net\/?page_id=1187"},"modified":"2026-01-28T09:37:47","modified_gmt":"2026-01-28T09:37:47","slug":"service-consulting","status":"publish","type":"page","link":"https:\/\/www.getthaagency.net\/en\/service-consulting\/","title":{"rendered":"Conference &#038; Event Consulting in Africa | Gettha Agency"},"content":{"rendered":"<p>[et_pb_section fb_built=&#8221;1&#8243; _builder_version=&#8221;4.27.5&#8243; _module_preset=&#8221;default&#8221; custom_padding=&#8221;37px||9px|||&#8221; locked=&#8221;off&#8221; global_colors_info=&#8221;{}&#8221;][et_pb_row _builder_version=&#8221;4.24.2&#8243; _module_preset=&#8221;default&#8221; width=&#8221;90%&#8221; max_width=&#8221;none&#8221; custom_padding=&#8221;7px||15px|||&#8221; locked=&#8221;off&#8221; global_colors_info=&#8221;{}&#8221;][et_pb_column type=&#8221;4_4&#8243; _builder_version=&#8221;4.24.2&#8243; _module_preset=&#8221;default&#8221; global_colors_info=&#8221;{}&#8221;][et_pb_text content_tablet=&#8221;<\/p>\n<h1>Event Management &#038; Conference<br \/>Production Across <span style=%22color: #ffcc00;%22>Africa<\/span><\/h1>\n<p>&#8221; content_phone=&#8221;<\/p>\n<h1>Conference &#038; <span style=%22color: #ffcc00;%22>Event<\/span> Consulting<\/h1>\n<p>&#8221; content_last_edited=&#8221;on|phone&#8221; _builder_version=&#8221;4.27.5&#8243; _module_preset=&#8221;2bc51da0-6a0b-4a5a-8846-93e688939982&#8243; header_font=&#8221;&#8211;et_global_heading_font|500||on|||||&#8221; header_text_color=&#8221;#000000&#8243; header_font_size=&#8221;3vw&#8221; custom_margin=&#8221;||29px|||&#8221; header_font_tablet=&#8221;&#8211;et_global_heading_font|500||on|||||&#8221; header_font_phone=&#8221;&#8211;et_global_heading_font|500||on|||||&#8221; header_font_last_edited=&#8221;on|phone&#8221; header_text_align_tablet=&#8221;&#8221; header_text_align_phone=&#8221;center&#8221; header_text_align_last_edited=&#8221;on|phone&#8221; header_font_size_tablet=&#8221;5vw&#8221; header_font_size_phone=&#8221;10vw&#8221; header_font_size_last_edited=&#8221;on|phone&#8221; global_colors_info=&#8221;{}&#8221;]<\/p>\n<h1>Conference &amp; Event <span style=\"color: #ffcc00;\">Consulting<\/span> Across Africa<\/h1>\n<p>[\/et_pb_text][et_pb_text _builder_version=&#8221;4.27.5&#8243; _module_preset=&#8221;default&#8221; text_font=&#8221;&#8211;et_global_body_font||||||||&#8221; text_text_color=&#8221;#000000&#8243; text_font_size=&#8221;24px&#8221; link_text_color=&#8221;#f8bb1d&#8221; text_font_size_tablet=&#8221;24px&#8221; text_font_size_phone=&#8221;23px&#8221; text_font_size_last_edited=&#8221;on|phone&#8221; text_letter_spacing_tablet=&#8221;&#8221; text_letter_spacing_phone=&#8221;1px&#8221; text_letter_spacing_last_edited=&#8221;on|phone&#8221; text_orientation_tablet=&#8221;&#8221; text_orientation_phone=&#8221;center&#8221; text_orientation_last_edited=&#8221;on|phone&#8221; locked=&#8221;off&#8221; global_colors_info=&#8221;{}&#8221;]<\/p>\n<p>Gettha Agency provides expert consulting for conferences, workshops, and strategic events across Africa. <br \/>We support clients from concept validation and market research to programme development, stakeholder engagement, and on-site delivery helping you launch impactful events and expand into new markets with confidence.<\/p>\n<p>[\/et_pb_text][\/et_pb_column][\/et_pb_row][\/et_pb_section][et_pb_section fb_built=&#8221;1&#8243; _builder_version=&#8221;4.27.5&#8243; _module_preset=&#8221;default&#8221; custom_padding=&#8221;17px||21px|||&#8221; locked=&#8221;off&#8221; global_colors_info=&#8221;{}&#8221;][et_pb_row _builder_version=&#8221;4.27.5&#8243; _module_preset=&#8221;default&#8221; custom_padding=&#8221;11px||5px|||&#8221; global_colors_info=&#8221;{}&#8221;][et_pb_column type=&#8221;4_4&#8243; _builder_version=&#8221;4.27.5&#8243; _module_preset=&#8221;default&#8221; global_colors_info=&#8221;{}&#8221;][et_pb_text _builder_version=&#8221;4.27.5&#8243; _module_preset=&#8221;default&#8221; text_font=&#8221;&#8211;et_global_body_font||||||||&#8221; text_text_color=&#8221;#000000&#8243; text_font_size=&#8221;20px&#8221; link_text_color=&#8221;#000000&#8243; header_2_font=&#8221;&#8211;et_global_heading_font||||||||&#8221; header_2_text_color=&#8221;#000000&#8243; header_2_font_size=&#8221;30px&#8221; custom_margin=&#8221;||28px|||&#8221; global_colors_info=&#8221;{}&#8221; link_text_color__hover_enabled=&#8221;on|hover&#8221; link_text_color__hover=&#8221;#f8bb1d&#8221;]<\/p>\n<h2>Strategic Consulting for Conferences &amp; Events<\/h2>\n<p>[\/et_pb_text][\/et_pb_column][\/et_pb_row][et_pb_row column_structure=&#8221;1_2,1_2&#8243; _builder_version=&#8221;4.27.5&#8243; _module_preset=&#8221;default&#8221; custom_padding=&#8221;11px||5px|||&#8221; global_colors_info=&#8221;{}&#8221;][et_pb_column type=&#8221;1_2&#8243; _builder_version=&#8221;4.27.5&#8243; _module_preset=&#8221;default&#8221; global_colors_info=&#8221;{}&#8221;][et_pb_text _builder_version=&#8221;4.27.5&#8243; _module_preset=&#8221;default&#8221; text_font=&#8221;&#8211;et_global_body_font||||||||&#8221; text_text_color=&#8221;#000000&#8243; header_3_font=&#8221;&#8211;et_global_heading_font||||||||&#8221; header_3_text_color=&#8221;#000000&#8243; header_3_font_size=&#8221;23px&#8221; custom_margin=&#8221;||17px|||&#8221; global_colors_info=&#8221;{}&#8221;]<\/p>\n<h3 data-start=\"822\" data-end=\"862\"><strong data-start=\"826\" data-end=\"862\">Conference &amp; Workshop Validation<\/strong><\/h3>\n<p data-start=\"863\" data-end=\"1029\">We assess the feasibility, relevance, and commercial potential of your conference or workshop, ensuring your concept is market-ready and aligned with industry demand.<\/p>\n<p>[\/et_pb_text][\/et_pb_column][et_pb_column type=&#8221;1_2&#8243; _builder_version=&#8221;4.27.5&#8243; _module_preset=&#8221;default&#8221; global_colors_info=&#8221;{}&#8221;][et_pb_text _builder_version=&#8221;4.27.5&#8243; _module_preset=&#8221;default&#8221; text_font=&#8221;&#8211;et_global_body_font||||||||&#8221; text_text_color=&#8221;#000000&#8243; header_3_font=&#8221;&#8211;et_global_heading_font||||||||&#8221; header_3_text_color=&#8221;#000000&#8243; header_3_font_size=&#8221;23px&#8221; global_colors_info=&#8221;{}&#8221;]<\/p>\n<h3 data-start=\"1036\" data-end=\"1070\"><strong data-start=\"1040\" data-end=\"1070\">Market &amp; Industry Research<\/strong><\/h3>\n<p data-start=\"1071\" data-end=\"1230\">We conduct targeted research to help you understand your audience, competitive landscape, and sector trends, giving your project a strong strategic foundation.<\/p>\n<p>[\/et_pb_text][\/et_pb_column][\/et_pb_row][et_pb_row column_structure=&#8221;1_2,1_2&#8243; _builder_version=&#8221;4.27.5&#8243; _module_preset=&#8221;default&#8221; custom_padding=&#8221;11px||5px|||&#8221; global_colors_info=&#8221;{}&#8221;][et_pb_column type=&#8221;1_2&#8243; _builder_version=&#8221;4.27.5&#8243; _module_preset=&#8221;default&#8221; global_colors_info=&#8221;{}&#8221;][et_pb_text _builder_version=&#8221;4.27.5&#8243; _module_preset=&#8221;default&#8221; text_font=&#8221;&#8211;et_global_body_font||||||||&#8221; text_text_color=&#8221;#000000&#8243; header_3_font=&#8221;&#8211;et_global_heading_font||||||||&#8221; header_3_text_color=&#8221;#000000&#8243; header_3_font_size=&#8221;23px&#8221; custom_margin=&#8221;||38px|||&#8221; global_colors_info=&#8221;{}&#8221;]<\/p>\n<h3 data-start=\"1237\" data-end=\"1275\"><strong data-start=\"1241\" data-end=\"1275\">Programme &amp; Agenda Development<\/strong><\/h3>\n<p data-start=\"1276\" data-end=\"1401\">We design structured, engaging conference programmes that balance technical depth, market relevance, and audience engagement.<\/p>\n<p>[\/et_pb_text][\/et_pb_column][et_pb_column type=&#8221;1_2&#8243; _builder_version=&#8221;4.27.5&#8243; _module_preset=&#8221;default&#8221; global_colors_info=&#8221;{}&#8221;][et_pb_text _builder_version=&#8221;4.27.5&#8243; _module_preset=&#8221;default&#8221; text_font=&#8221;&#8211;et_global_body_font||||||||&#8221; text_text_color=&#8221;#000000&#8243; header_3_font=&#8221;&#8211;et_global_heading_font||||||||&#8221; header_3_text_color=&#8221;#000000&#8243; header_3_font_size=&#8221;23px&#8221; custom_margin_tablet=&#8221;&#8221; custom_margin_phone=&#8221;-20px||||false|false&#8221; custom_margin_last_edited=&#8221;on|phone&#8221; global_colors_info=&#8221;{}&#8221;]<\/p>\n<h3 data-start=\"1408\" data-end=\"1448\"><strong data-start=\"1412\" data-end=\"1448\">Speaker &amp; Stakeholder Engagement<\/strong><\/h3>\n<p data-start=\"1449\" data-end=\"1620\">From identifying high-level speakers to managing stakeholders and partners, we secure the right voices and relationships to strengthen your event\u2019s credibility and impact.<\/p>\n<p>[\/et_pb_text][\/et_pb_column][\/et_pb_row][et_pb_row column_structure=&#8221;1_2,1_2&#8243; _builder_version=&#8221;4.27.5&#8243; _module_preset=&#8221;default&#8221; custom_padding=&#8221;11px||5px|||&#8221; global_colors_info=&#8221;{}&#8221;][et_pb_column type=&#8221;1_2&#8243; _builder_version=&#8221;4.27.5&#8243; _module_preset=&#8221;default&#8221; global_colors_info=&#8221;{}&#8221;][et_pb_text _builder_version=&#8221;4.27.5&#8243; _module_preset=&#8221;default&#8221; text_font=&#8221;&#8211;et_global_body_font||||||||&#8221; text_text_color=&#8221;#000000&#8243; header_3_font=&#8221;&#8211;et_global_heading_font||||||||&#8221; header_3_text_color=&#8221;#000000&#8243; header_3_font_size=&#8221;23px&#8221; global_colors_info=&#8221;{}&#8221;]<\/p>\n<h3 data-start=\"1627\" data-end=\"1661\"><strong data-start=\"1631\" data-end=\"1661\">B2B &amp; B2G Strategy Support<\/strong><\/h3>\n<p data-start=\"1662\" data-end=\"1821\">We facilitate strategic business-to-business and business-to-government engagement, helping you connect with decision-makers, regulators, and industry leaders.<\/p>\n<p>[\/et_pb_text][\/et_pb_column][et_pb_column type=&#8221;1_2&#8243; _builder_version=&#8221;4.27.5&#8243; _module_preset=&#8221;default&#8221; global_colors_info=&#8221;{}&#8221;][et_pb_text _builder_version=&#8221;4.27.5&#8243; _module_preset=&#8221;default&#8221; text_font=&#8221;&#8211;et_global_body_font||||||||&#8221; text_text_color=&#8221;#000000&#8243; header_3_font=&#8221;&#8211;et_global_heading_font||||||||&#8221; header_3_text_color=&#8221;#000000&#8243; header_3_font_size=&#8221;23px&#8221; global_colors_info=&#8221;{}&#8221;]<\/p>\n<h3 data-start=\"1828\" data-end=\"1872\"><strong data-start=\"1832\" data-end=\"1872\">Event &amp; Project Expansion Consulting<\/strong><\/h3>\n<p data-start=\"1873\" data-end=\"2003\">We support organisations looking to expand conferences, events, or projects into new countries, regions, or sectors across Africa.<\/p>\n<p>[\/et_pb_text][\/et_pb_column][\/et_pb_row][et_pb_row _builder_version=&#8221;4.27.5&#8243; _module_preset=&#8221;default&#8221; global_colors_info=&#8221;{}&#8221;][et_pb_column type=&#8221;4_4&#8243; _builder_version=&#8221;4.27.5&#8243; _module_preset=&#8221;default&#8221; global_colors_info=&#8221;{}&#8221;][et_pb_button url_new_window=&#8221;on&#8221; button_text=&#8221;Book a Consulting Session&#8221; button_alignment=&#8221;center&#8221; _builder_version=&#8221;4.27.5&#8243; _module_preset=&#8221;default&#8221; custom_button=&#8221;on&#8221; button_text_color=&#8221;#FFFFFF&#8221; button_bg_color=&#8221;#f8bb1d&#8221; button_border_color=&#8221;#f8bb1d&#8221; button_font=&#8221;|||on|||||&#8221; animation_style=&#8221;fade&#8221; hover_enabled=&#8221;0&#8243; global_colors_info=&#8221;{}&#8221; button_url=&#8221;https:\/\/www.getthaagency.net\/en\/contact-us-2\/&#8221; sticky_enabled=&#8221;0&#8243;][\/et_pb_button][\/et_pb_column][\/et_pb_row][\/et_pb_section][et_pb_section fb_built=&#8221;1&#8243; _builder_version=&#8221;4.27.5&#8243; _module_preset=&#8221;default&#8221; custom_margin_tablet=&#8221;&#8221; custom_margin_phone=&#8221;-23px||||false|false&#8221; custom_margin_last_edited=&#8221;on|phone&#8221; custom_padding=&#8221;0px||0px|||&#8221; global_colors_info=&#8221;{}&#8221;][et_pb_row column_structure=&#8221;1_2,1_2&#8243; _builder_version=&#8221;4.27.5&#8243; _module_preset=&#8221;default&#8221; global_colors_info=&#8221;{}&#8221;][et_pb_column type=&#8221;1_2&#8243; _builder_version=&#8221;4.27.5&#8243; _module_preset=&#8221;default&#8221; global_colors_info=&#8221;{}&#8221;][et_pb_image src=&#8221;https:\/\/www.getthaagency.net\/wp-content\/uploads\/2026\/01\/Gettha-Agency-Event-consulting-Across-Africa-scaled.jpeg&#8221; alt=&#8221;Gettha Agency Event consulting Across Africa&#8221; title_text=&#8221;Gettha Agency Event consulting Across Africa&#8221; _builder_version=&#8221;4.27.5&#8243; _module_preset=&#8221;default&#8221; global_colors_info=&#8221;{}&#8221;][\/et_pb_image][\/et_pb_column][et_pb_column type=&#8221;1_2&#8243; _builder_version=&#8221;4.27.5&#8243; _module_preset=&#8221;default&#8221; global_colors_info=&#8221;{}&#8221;][et_pb_image src=&#8221;https:\/\/www.getthaagency.net\/wp-content\/uploads\/2026\/01\/Gettha-Agency-Event-consulting-in-Africa-scaled.jpeg&#8221; alt=&#8221;Gettha Agency Event consulting in Africa&#8221; title_text=&#8221;Gettha Agency Event consulting in Africa&#8221; _builder_version=&#8221;4.27.5&#8243; _module_preset=&#8221;default&#8221; global_colors_info=&#8221;{}&#8221;][\/et_pb_image][\/et_pb_column][\/et_pb_row][\/et_pb_section][et_pb_section fb_built=&#8221;1&#8243; disabled_on=&#8221;off|off|off&#8221; _builder_version=&#8221;4.27.5&#8243; _module_preset=&#8221;default&#8221; custom_padding=&#8221;12px||4px|||&#8221; global_colors_info=&#8221;{}&#8221;][et_pb_row _builder_version=&#8221;4.27.5&#8243; _module_preset=&#8221;default&#8221; global_colors_info=&#8221;{}&#8221;][et_pb_column type=&#8221;4_4&#8243; _builder_version=&#8221;4.27.5&#8243; _module_preset=&#8221;default&#8221; global_colors_info=&#8221;{}&#8221;][et_pb_heading title=&#8221;Organizations That Trust Gettha Agency&#8221; _builder_version=&#8221;4.27.5&#8243; _module_preset=&#8221;default&#8221; title_font=&#8221;&#8211;et_global_heading_font||||||||&#8221; title_text_align=&#8221;center&#8221; title_text_color=&#8221;#000000&#8243; title_font_size=&#8221;35px&#8221; custom_margin=&#8221;||7px|||&#8221; global_colors_info=&#8221;{}&#8221;][\/et_pb_heading][divi8_logo_carousel divi8_pagi_bullet_color=&#8221;#f8bb1d&#8221; divi8_arrow_show_hide=&#8221;off&#8221; _builder_version=&#8221;4.27.5&#8243; _module_preset=&#8221;default&#8221; global_colors_info=&#8221;{}&#8221;][divi8_logo_carousel_item img=&#8221;https:\/\/www.getthaagency.net\/wp-content\/uploads\/2026\/01\/Nigerian-Mining-Week.png&#8221; _builder_version=&#8221;4.27.5&#8243; _module_preset=&#8221;default&#8221; global_colors_info=&#8221;{}&#8221;][\/divi8_logo_carousel_item][divi8_logo_carousel_item img=&#8221;https:\/\/www.getthaagency.net\/wp-content\/uploads\/2026\/01\/Mining-Indaba.png&#8221; _builder_version=&#8221;4.27.5&#8243; _module_preset=&#8221;default&#8221; global_colors_info=&#8221;{}&#8221;][\/divi8_logo_carousel_item][divi8_logo_carousel_item img=&#8221;https:\/\/www.getthaagency.net\/wp-content\/uploads\/2026\/01\/DRC-Mining-Week.png&#8221; _builder_version=&#8221;4.27.5&#8243; _module_preset=&#8221;default&#8221; global_colors_info=&#8221;{}&#8221;][\/divi8_logo_carousel_item][divi8_logo_carousel_item img=&#8221;https:\/\/www.getthaagency.net\/wp-content\/uploads\/2026\/01\/Batery-Metals-Forum.png&#8221; _builder_version=&#8221;4.27.5&#8243; _module_preset=&#8221;default&#8221; global_colors_info=&#8221;{}&#8221;][\/divi8_logo_carousel_item][\/divi8_logo_carousel][\/et_pb_column][\/et_pb_row][\/et_pb_section][et_pb_section fb_built=&#8221;1&#8243; disabled_on=&#8221;off|off|off&#8221; _builder_version=&#8221;4.27.5&#8243; _module_preset=&#8221;default&#8221; background_color=&#8221;#f8bb1d&#8221; custom_padding=&#8221;18px||3px|||&#8221; global_colors_info=&#8221;{}&#8221;][et_pb_row _builder_version=&#8221;4.27.5&#8243; _module_preset=&#8221;default&#8221; custom_padding=&#8221;8px||7px|||&#8221; global_colors_info=&#8221;{}&#8221;][et_pb_column type=&#8221;4_4&#8243; _builder_version=&#8221;4.27.5&#8243; _module_preset=&#8221;default&#8221; global_colors_info=&#8221;{}&#8221;][et_pb_heading title=&#8221;What Our Clients Say&#8221; _builder_version=&#8221;4.27.5&#8243; _module_preset=&#8221;default&#8221; title_font=&#8221;|600|||||||&#8221; title_text_align=&#8221;center&#8221; title_text_color=&#8221;#000000&#8243; title_font_size=&#8221;45px&#8221; global_colors_info=&#8221;{}&#8221;][\/et_pb_heading][\/et_pb_column][\/et_pb_row][et_pb_row _builder_version=&#8221;4.27.5&#8243; _module_preset=&#8221;default&#8221; custom_padding=&#8221;||11px|||&#8221; global_colors_info=&#8221;{}&#8221;][et_pb_column type=&#8221;4_4&#8243; _builder_version=&#8221;4.27.5&#8243; _module_preset=&#8221;default&#8221; global_colors_info=&#8221;{}&#8221;][et_pb_slider _builder_version=&#8221;4.27.5&#8243; _module_preset=&#8221;default&#8221; body_font=&#8221;&#8211;et_global_body_font||||||||&#8221; body_text_color=&#8221;#000000&#8243; custom_margin_tablet=&#8221;&#8221; custom_margin_phone=&#8221;-40px||||false|false&#8221; custom_margin_last_edited=&#8221;on|phone&#8221; custom_padding=&#8221;0px|||||&#8221; global_colors_info=&#8221;{}&#8221;][et_pb_slide heading=&#8221;Samukelo Madlabane&#8221; _builder_version=&#8221;4.27.5&#8243; _module_preset=&#8221;default&#8221; header_level=&#8221;h2&#8243; header_font=&#8221;&#8211;et_global_heading_font||||||||&#8221; header_text_color=&#8221;#000000&#8243; header_font_size=&#8221;45px&#8221; body_font=&#8221;&#8211;et_global_body_font||||||||&#8221; background_color=&#8221;#f8bb1d&#8221; background_enable_color=&#8221;on&#8221; global_colors_info=&#8221;{}&#8221; sticky_transition=&#8221;on&#8221;]<\/p>\n<p><span style=\"font-weight: 400;\">It is with great pleasure that I recommend Gettha Agency for their exceptional event production services.<\/span><\/p>\n<p><span style=\"font-weight: 400;\">Gettha Agency has been an invaluable production partner for the VUKA Group&#8217;s Mining Portfolio for several years. During this time, they have been responsible for producing some of our most significant events, including <\/span><b>DRC Mining Week<\/b><span style=\"font-weight: 400;\">, <\/span><b>Nigeria Mining Week<\/b><span style=\"font-weight: 400;\">, and the <\/span><b>DRC-Africa Battery Metals Forum<\/b><span style=\"font-weight: 400;\">.<\/span><\/p>\n<p><span style=\"font-weight: 400;\">Their team consistently demonstrates a high level of professionalism, strategic insight, and meticulous attention to detail. They possess a deep understanding of the mining sector, which has been critical to ensuring our events are not only flawlessly executed but also relevant and impactful for our industry stakeholders.<\/span><\/p>\n<p><span style=\"font-weight: 400;\">Gettha Agency&#8217;s commitment to our partnership has been a key factor in the sustained success of our mining events. I am confident that any organization seeking a reliable, professional, and results-driven event production partner would be well-served by Gettha Agency.<\/span><\/p>\n<p><span style=\"font-weight: 400;\">We look forward to continuing our successful collaboration with them for years to come.<\/p>\n<p><\/span><\/p>\n<p><b>Event Director &#8211; Mining<\/b><\/p>\n<p><span style=\"font-weight: 400;\">VUKA Group <\/span><\/p>\n<p><span style=\"font-weight: 400;\"><\/span><\/p>\n<p>[\/et_pb_slide][et_pb_slide heading=&#8221;Shanty&#8221; _builder_version=&#8221;4.27.5&#8243; _module_preset=&#8221;default&#8221; header_level=&#8221;h2&#8243; header_font=&#8221;&#8211;et_global_heading_font||||||||&#8221; header_text_color=&#8221;#000000&#8243; header_font_size=&#8221;45px&#8221; body_font=&#8221;&#8211;et_global_body_font||||||||&#8221; background_color=&#8221;#f8bb1d&#8221; background_enable_color=&#8221;on&#8221; global_colors_info=&#8221;{}&#8221; sticky_transition=&#8221;on&#8221;]<\/p>\n<p><span style=\"font-weight: 400;\">I would like to sincerely thank you for inviting me to participate in the Women in Mining panel at this landmark 20th edition of DRC Mining Week. I salute you for two decades of commitment to connecting people, fostering relationships, and driving progress in the mining sector.\u00a0<\/span><\/p>\n<p><span style=\"font-weight: 400;\">It was an honor, and I am truly grateful that you offered me and other women a platform to amplify our voices and share our perspectives. Your dedication to empowering women and highlighting our contributions is highly commendable and makes a real difference in the industry.<\/span><\/p>\n<p><span style=\"font-weight: 400;\">I am inspired by your vision and would welcome the opportunity to further contribute especially as a participant in future women-in-leadership panels and those championing local and African businesses empowerment . Thank you once again for placing your confidence in me, and for your ongoing support in elevating women within mining. May you continue championing inclusivity and innovation for many years to come.<\/span><\/p>\n<p>[\/et_pb_slide][et_pb_slide heading=&#8221;HERADI YUMA&#8221; _builder_version=&#8221;4.27.5&#8243; _module_preset=&#8221;default&#8221; header_level=&#8221;h2&#8243; header_font=&#8221;&#8211;et_global_heading_font||||||||&#8221; header_text_color=&#8221;#000000&#8243; header_font_size=&#8221;45px&#8221; body_font=&#8221;&#8211;et_global_body_font||||||||&#8221; background_color=&#8221;#f8bb1d&#8221; background_enable_color=&#8221;on&#8221; global_colors_info=&#8221;{}&#8221; sticky_transition=&#8221;on&#8221;]<\/p>\n<p><span style=\"font-weight: 400;\">Comme je vous l\u2019avais exprim\u00e9, j\u2019ai \u00e9t\u00e9 particuli\u00e8rement impressionn\u00e9 par la qualit\u00e9 de votre travail dans l\u2019organisation de cette grande c\u00e9r\u00e9monie. Selon moi, la r\u00e9ussite de cet \u00e9v\u00e9nement vous est largement redevable : une semaine avant la c\u00e9r\u00e9monie, je vous ai souvent vue, jusque tard dans la nuit, \u00e0 la paillote, en train de coordonner et planifier avec un professionnalisme remarquable.<\/span><\/p>\n<p><span style=\"font-weight: 400;\">Votre engagement et votre sens du d\u00e9tail m\u2019ont inspir\u00e9, et c\u2019est avec beaucoup d\u2019estime que je sollicite aujourd\u2019hui une audience avec vous, \u00e0 la date et au format qui vous conviendront avant que vous ne quittiez Lubumbashi s&#8217;il vous pla\u00eet, afin d\u2019\u00e9changer plus en profondeur sur d\u2019\u00e9ventuelles synergies collaborations, o\u00f9 vos orientations murs. <\/span><\/p>\n<p>[\/et_pb_slide][\/et_pb_slider][\/et_pb_column][\/et_pb_row][\/et_pb_section][et_pb_section fb_built=&#8221;1&#8243; disabled_on=&#8221;off|off|off&#8221; admin_label=&#8221;Call to Action&#8221; _builder_version=&#8221;4.27.5&#8243; _module_preset=&#8221;default&#8221; background_color=&#8221;#000000&#8243; custom_padding=&#8221;14px||11px|||&#8221; locked=&#8221;off&#8221; collapsed=&#8221;on&#8221; global_colors_info=&#8221;{}&#8221;][et_pb_row _builder_version=&#8221;4.27.5&#8243; _module_preset=&#8221;default&#8221; global_colors_info=&#8221;{}&#8221;][et_pb_column type=&#8221;4_4&#8243; _builder_version=&#8221;4.27.5&#8243; _module_preset=&#8221;default&#8221; global_colors_info=&#8221;{}&#8221;][et_pb_signup mailchimp_list=&#8221;Gettha Angency|d1717e5913&#8243; name_field=&#8221;on&#8221; title=&#8221;Stay Connected with Gettha Agency&#8221; description=&#8221;<\/p>\n<p>Join our newsletter to receive curated updates on events, tourism packages, conferences, and education opportunities across Africa, delivered straight to your inbox.<\/p>\n<p>&#8221; _builder_version=&#8221;4.27.5&#8243; _module_preset=&#8221;default&#8221; header_font=&#8221;&#8211;et_global_heading_font||||||||&#8221; header_text_color=&#8221;#FFFFFF&#8221; body_font=&#8221;&#8211;et_global_body_font||||||||&#8221; result_message_font=&#8221;&#8211;et_global_body_font||||||||&#8221; result_message_text_color=&#8221;#000000&#8243; result_message_font_size=&#8221;20px&#8221; global_colors_info=&#8221;{}&#8221;][\/et_pb_signup][\/et_pb_column][\/et_pb_row][\/et_pb_section]<\/p>\n","protected":false},"excerpt":{"rendered":"<p>Conference &amp; Event Consulting Across AfricaGettha Agency provides expert consulting for conferences, workshops, and strategic events across Africa. We support clients from concept validation and market research to programme development, stakeholder engagement, and on-site delivery helping you launch impactful events and expand into new markets with confidence.Strategic Consulting for Conferences &amp; EventsConference &amp; Workshop Validation [&hellip;]<\/p>\n","protected":false},"author":1,"featured_media":0,"parent":0,"menu_order":0,"comment_status":"closed","ping_status":"closed","template":"","meta":{"_et_pb_use_builder":"on","_et_pb_old_content":"","_et_gb_content_width":"","om_disable_all_campaigns":false,"_monsterinsights_skip_tracking":false,"_monsterinsights_sitenote_active":false,"_monsterinsights_sitenote_note":"","_monsterinsights_sitenote_category":0,"footnotes":""},"class_list":["post-1187","page","type-page","status-publish","hentry"],"_links":{"self":[{"href":"https:\/\/www.getthaagency.net\/en\/wp-json\/wp\/v2\/pages\/1187","targetHints":{"allow":["GET"]}}],"collection":[{"href":"https:\/\/www.getthaagency.net\/en\/wp-json\/wp\/v2\/pages"}],"about":[{"href":"https:\/\/www.getthaagency.net\/en\/wp-json\/wp\/v2\/types\/page"}],"author":[{"embeddable":true,"href":"https:\/\/www.getthaagency.net\/en\/wp-json\/wp\/v2\/users\/1"}],"replies":[{"embeddable":true,"href":"https:\/\/www.getthaagency.net\/en\/wp-json\/wp\/v2\/comments?post=1187"}],"version-history":[{"count":36,"href":"https:\/\/www.getthaagency.net\/en\/wp-json\/wp\/v2\/pages\/1187\/revisions"}],"predecessor-version":[{"id":2231,"href":"https:\/\/www.getthaagency.net\/en\/wp-json\/wp\/v2\/pages\/1187\/revisions\/2231"}],"wp:attachment":[{"href":"https:\/\/www.getthaagency.net\/en\/wp-json\/wp\/v2\/media?parent=1187"}],"curies":[{"name":"wp","href":"https:\/\/api.w.org\/{rel}","templated":true}]}}